{"id":1517,"date":"2025-09-22T11:46:23","date_gmt":"2025-09-22T14:46:23","guid":{"rendered":"https:\/\/www.seplan.sc.gov.br\/eproc\/?page_id=1517"},"modified":"2025-10-07T18:10:23","modified_gmt":"2025-10-07T21:10:23","slug":"capacitacao","status":"publish","type":"page","link":"https:\/\/www.seplan.sc.gov.br\/eproc\/capacitacao\/","title":{"rendered":"Capacita\u00e7\u00e3o"},"content":{"rendered":"\t\t<div data-elementor-type=\"wp-page\" data-elementor-id=\"1517\" class=\"elementor elementor-1517\" data-elementor-settings=\"{&quot;ha_cmc_init_switcher&quot;:&quot;no&quot;}\">\n\t\t\t\t<div class=\"elementor-element elementor-element-fc31d71 e-flex e-con-boxed e-con e-parent\" data-id=\"fc31d71\" data-element_type=\"container\" data-e-type=\"container\" data-settings=\"{&quot;background_background&quot;:&quot;classic&quot;}\">\n\t\t\t\t\t<div class=\"e-con-inner\">\n\t\t<div class=\"elementor-element elementor-element-1831ae3 e-con-full e-flex e-con e-child\" data-id=\"1831ae3\" data-element_type=\"container\" data-e-type=\"container\">\n\t\t\t\t<div class=\"elementor-element elementor-element-998894b elementor-widget__width-initial elementor-widget-mobile__width-inherit elementor-widget-mobile_extra__width-initial elementor-widget elementor-widget-image-box\" data-id=\"998894b\" data-element_type=\"widget\" data-e-type=\"widget\" data-widget_type=\"image-box.default\">\n\t\t\t\t<div class=\"elementor-widget-container\">\n\t\t\t\t\t<div class=\"elementor-image-box-wrapper\"><div class=\"elementor-image-box-content\"><h3 class=\"elementor-image-box-title\">Voc\u00ea est\u00e1 em <\/h3><p class=\"elementor-image-box-description\">Capacita\u00e7\u00e3o <\/p><\/div><\/div>\t\t\t\t<\/div>\n\t\t\t\t<\/div>\n\t\t\t\t<\/div>\n\t\t\t\t\t<\/div>\n\t\t\t\t<\/div>\n\t\t<div class=\"elementor-element elementor-element-622ab07 e-flex e-con-boxed e-con e-parent\" data-id=\"622ab07\" data-element_type=\"container\" data-e-type=\"container\" data-settings=\"{&quot;background_background&quot;:&quot;classic&quot;}\">\n\t\t\t\t\t<div class=\"e-con-inner\">\n\t\t\t\t<div class=\"elementor-element elementor-element-c7bdece elementor-widget elementor-widget-hfe-breadcrumbs-widget\" data-id=\"c7bdece\" data-element_type=\"widget\" data-e-type=\"widget\" data-widget_type=\"hfe-breadcrumbs-widget.default\">\n\t\t\t\t<div class=\"elementor-widget-container\">\n\t\t\t\t\t<nav aria-label=\"Breadcrumb\"><ul class=\"hfe-breadcrumbs hfe-breadcrumbs-show-home\"><li class=\"hfe-breadcrumbs-item hfe-breadcrumbs-first\"><span class=\"hfe-breadcrumbs-home-icon\"><i aria-hidden=\"true\" class=\"icon icon-home\"><\/i><\/span><a href=\"https:\/\/www.seplan.sc.gov.br\/eproc\"><span class=\"hfe-breadcrumbs-text\">In\u00edcio<\/span><\/a><\/li><\/ul><\/nav>\t\t\t\t<\/div>\n\t\t\t\t<\/div>\n\t\t\t\t\t<\/div>\n\t\t\t\t<\/div>\n\t\t<div class=\"elementor-element elementor-element-7c86811 e-flex e-con-boxed e-con e-parent\" data-id=\"7c86811\" data-element_type=\"container\" data-e-type=\"container\" data-settings=\"{&quot;background_background&quot;:&quot;classic&quot;}\">\n\t\t\t\t\t<div class=\"e-con-inner\">\n\t\t<div class=\"elementor-element elementor-element-0143c5d e-con-full e-flex e-con e-child\" data-id=\"0143c5d\" data-element_type=\"container\" data-e-type=\"container\">\n\t\t\t\t<div class=\"elementor-element elementor-element-9b6e2dc elementor-widget__width-inherit elementor-widget elementor-widget-image-box\" data-id=\"9b6e2dc\" data-element_type=\"widget\" data-e-type=\"widget\" data-widget_type=\"image-box.default\">\n\t\t\t\t<div class=\"elementor-widget-container\">\n\t\t\t\t\t<div class=\"elementor-image-box-wrapper\"><div class=\"elementor-image-box-content\"><h3 class=\"elementor-image-box-title\">Cursos <\/h3><p class=\"elementor-image-box-description\">Capacita\u00e7\u00e3o<\/p><\/div><\/div>\t\t\t\t<\/div>\n\t\t\t\t<\/div>\n\t\t\t\t<div class=\"elementor-element elementor-element-852c517 elementor-widget__width-inherit elementor-widget-mobile_extra__width-initial elementor-widget-mobile__width-inherit elementor-widget elementor-widget-text-editor\" data-id=\"852c517\" data-element_type=\"widget\" data-e-type=\"widget\" data-widget_type=\"text-editor.default\">\n\t\t\t\t<div class=\"elementor-widget-container\">\n\t\t\t\t\t\t\t\t\t<p data-start=\"142\" data-end=\"490\">A capacita\u00e7\u00e3o em gest\u00e3o p\u00fablica \u00e9 um processo fundamental para o fortalecimento das institui\u00e7\u00f5es e a melhoria da qualidade dos servi\u00e7os oferecidos \u00e0 sociedade. Ela envolve a forma\u00e7\u00e3o e o aperfei\u00e7oamento de servidores p\u00fablicos em temas como planejamento estrat\u00e9gico, gest\u00e3o de pessoas, finan\u00e7as p\u00fablicas, inova\u00e7\u00e3o, legisla\u00e7\u00e3o e pol\u00edticas p\u00fablicas.<\/p>\t\t\t\t\t\t\t\t<\/div>\n\t\t\t\t<\/div>\n\t\t\t\t<\/div>\n\t\t\t\t<div class=\"elementor-element elementor-element-d929fc0 elementor-widget__width-initial elementor-widget-tablet__width-inherit elementor-widget elementor-widget-image\" data-id=\"d929fc0\" data-element_type=\"widget\" data-e-type=\"widget\" data-widget_type=\"image.default\">\n\t\t\t\t<div class=\"elementor-widget-container\">\n\t\t\t\t\t\t\t\t\t\t\t\t\t\t\t<img fetchpriority=\"high\" decoding=\"async\" width=\"696\" height=\"684\" src=\"https:\/\/www.seplan.sc.gov.br\/eproc\/wp-content\/uploads\/2025\/09\/cgpd-img-02.fw_-1024x1007.png\" class=\"attachment-large size-large wp-image-1108\" alt=\"\" srcset=\"https:\/\/www.seplan.sc.gov.br\/eproc\/wp-content\/uploads\/2025\/09\/cgpd-img-02.fw_-1024x1007.png 1024w, https:\/\/www.seplan.sc.gov.br\/eproc\/wp-content\/uploads\/2025\/09\/cgpd-img-02.fw_-300x295.png 300w, https:\/\/www.seplan.sc.gov.br\/eproc\/wp-content\/uploads\/2025\/09\/cgpd-img-02.fw_-768x755.png 768w, https:\/\/www.seplan.sc.gov.br\/eproc\/wp-content\/uploads\/2025\/09\/cgpd-img-02.fw_.png 1266w\" sizes=\"(max-width: 696px) 100vw, 696px\" \/>\t\t\t\t\t\t\t\t\t\t\t\t\t\t\t<\/div>\n\t\t\t\t<\/div>\n\t\t\t\t\t<\/div>\n\t\t\t\t<\/div>\n\t\t<div class=\"elementor-element elementor-element-2b5cbbc e-flex e-con-boxed e-con e-parent\" data-id=\"2b5cbbc\" data-element_type=\"container\" data-e-type=\"container\" data-settings=\"{&quot;background_background&quot;:&quot;classic&quot;}\">\n\t\t\t\t\t<div class=\"e-con-inner\">\n\t\t\t\t<div class=\"elementor-element elementor-element-c885983 elementor-widget__width-inherit elementor-widget elementor-widget-image-box\" data-id=\"c885983\" data-element_type=\"widget\" data-e-type=\"widget\" data-widget_type=\"image-box.default\">\n\t\t\t\t<div class=\"elementor-widget-container\">\n\t\t\t\t\t<div class=\"elementor-image-box-wrapper\"><div class=\"elementor-image-box-content\"><p class=\"elementor-image-box-description\">Cursos<\/p><\/div><\/div>\t\t\t\t<\/div>\n\t\t\t\t<\/div>\n\t\t<div class=\"elementor-element elementor-element-617896f e-con-full e-flex e-con e-child\" data-id=\"617896f\" data-element_type=\"container\" data-e-type=\"container\">\n\t\t\t\t<div class=\"elementor-element elementor-element-8295771 elementor-widget elementor-widget-heading\" data-id=\"8295771\" data-element_type=\"widget\" data-e-type=\"widget\" data-widget_type=\"heading.default\">\n\t\t\t\t<div class=\"elementor-widget-container\">\n\t\t\t\t\t<h2 class=\"elementor-heading-title elementor-size-default\">Curso de conhecimentos preparat\u00f3rios para Gest\u00e3o de processos no setor p\u00fablico <\/h2>\t\t\t\t<\/div>\n\t\t\t\t<\/div>\n\t\t\t\t<div class=\"elementor-element elementor-element-f0d8dfc premium-type-column elementor-widget elementor-widget-premium-icon-list\" data-id=\"f0d8dfc\" data-element_type=\"widget\" data-e-type=\"widget\" data-settings=\"{&quot;rbadges_repeater&quot;:[]}\" data-widget_type=\"premium-icon-list.default\">\n\t\t\t\t<div class=\"elementor-widget-container\">\n\t\t\t\t\t\t\t\t<ul class=\"premium-bullet-list-box\">\r\n\t\t\t\t\r\n\t\t\t\t\t\t\t<li class=\"premium-bullet-list-content elementor-repeater-item-f563f59\">\r\n\t\t\t\t\t\t\t\t<div class=\"premium-bullet-list-text\">\r\n\t\t\t\t\t\t\t\t\t\t\t\t\t\t\t\t\t\t\t<div class=\"premium-bullet-list-wrapper\">\r\n\t\t\t\t\t\t\t\t\t\t\t<div class=\"premium-drawable-icon\"><i class=\"premium-svg-nodraw icon icon-check\" aria-hidden=\"true\"><\/i><\/div>\t\t\t\t\t\t\t\t\t\t\t<\/div>\r\n\t\t\t\t\t\t\t\t\t\r\n\t\t\t\t\t\t\t\t\t<div class=\"premium-bullet-list-text-wrapper\">\r\n\t\t\t\t\t\t\t\t\t\t<span class=\"premium-bullet-text\" data-text=\"&lt;b&gt;P\u00fablico-alvo:&lt;\/b&gt; Especialistas em Gest\u00e3o de Processos (Bolsistas selecionados via Edital Fapesc)\"> <b>P\u00fablico-alvo:<\/b> Especialistas em Gest\u00e3o de Processos (Bolsistas selecionados via Edital Fapesc) <\/span>\t\t\t\t\t\t\t\t\t\t\t\t\t\t\t\t\t\t\t<\/div>\r\n\t\t\t\t\t\t\t\t<\/div>\r\n\r\n\t\t\t\t\t\t\t\t\r\n\t\t\t\t\t\t\t\t\r\n\t\t\t\t\t\t\t<\/li>\r\n\r\n\t\t\t\t\t\t\t\r\n\t\t\t\t\t\t\t<li class=\"premium-bullet-list-content elementor-repeater-item-b30a3f1\">\r\n\t\t\t\t\t\t\t\t<div class=\"premium-bullet-list-text\">\r\n\t\t\t\t\t\t\t\t\t\t\t\t\t\t\t\t\t\t\t<div class=\"premium-bullet-list-wrapper\">\r\n\t\t\t\t\t\t\t\t\t\t\t<div class=\"premium-drawable-icon\"><i class=\"premium-svg-nodraw icon icon-check\" aria-hidden=\"true\"><\/i><\/div>\t\t\t\t\t\t\t\t\t\t\t<\/div>\r\n\t\t\t\t\t\t\t\t\t\r\n\t\t\t\t\t\t\t\t\t<div class=\"premium-bullet-list-text-wrapper\">\r\n\t\t\t\t\t\t\t\t\t\t<span class=\"premium-bullet-text\" data-text=\"Ambienta\u00e7\u00e3o Governo do Estado de Santa Catarina, Estrutura e Funcionamento do Setor P\u00fablico, Pol\u00edticas p\u00fablicas: Fundamentos e aplica\u00e7\u00e3o, Or\u00e7amento P\u00fablico Brasileiro, Fundamentos de BPM, Governan\u00e7a de Processos, Ciclo de Vida de Processos, Legisla\u00e7\u00e3o Aplicada ao Mapeamento de Processos, Planejamento estrat\u00e9gico do EPROC, Projetos BPMN, Planejamento estrat\u00e9gico das organiza\u00e7\u00f5es, Atividade pr\u00e1tica de Mapeamento de processos, Gest\u00e3o de processos no setor p\u00fablico, Sistema eletr\u00f4nico de documentos, Atividade de trabalho: especialista NUPROC, Mapeamento de processos e prote\u00e7\u00e3o de dados (LGPD), Temporalidade e Guarda de processos digitais, Estrat\u00e9gias de Governo Eletr\u00f4nico e OGP, Atividades complementares e Avaliativas\"> Ambienta\u00e7\u00e3o Governo do Estado de Santa Catarina, Estrutura e Funcionamento do Setor P\u00fablico, Pol\u00edticas p\u00fablicas: Fundamentos e aplica\u00e7\u00e3o, Or\u00e7amento P\u00fablico Brasileiro, Fundamentos de BPM, Governan\u00e7a de Processos, Ciclo de Vida de Processos, Legisla\u00e7\u00e3o Aplicada ao Mapeamento de Processos, Planejamento estrat\u00e9gico do EPROC, Projetos BPMN, Planejamento estrat\u00e9gico das organiza\u00e7\u00f5es, Atividade pr\u00e1tica de Mapeamento de processos, Gest\u00e3o de processos no setor p\u00fablico, Sistema eletr\u00f4nico de documentos, Atividade de trabalho: especialista NUPROC, Mapeamento de processos e prote\u00e7\u00e3o de dados (LGPD), Temporalidade e Guarda de processos digitais, Estrat\u00e9gias de Governo Eletr\u00f4nico e OGP, Atividades complementares e Avaliativas <\/span>\t\t\t\t\t\t\t\t\t\t\t\t\t\t\t\t\t\t\t<\/div>\r\n\t\t\t\t\t\t\t\t<\/div>\r\n\r\n\t\t\t\t\t\t\t\t\r\n\t\t\t\t\t\t\t\t\r\n\t\t\t\t\t\t\t<\/li>\r\n\r\n\t\t\t\t\t\t\t\r\n\t\t\t\t\t\t\t<li class=\"premium-bullet-list-content elementor-repeater-item-72c8592\">\r\n\t\t\t\t\t\t\t\t<div class=\"premium-bullet-list-text\">\r\n\t\t\t\t\t\t\t\t\t\t\t\t\t\t\t\t\t\t\t<div class=\"premium-bullet-list-wrapper\">\r\n\t\t\t\t\t\t\t\t\t\t\t<div class=\"premium-drawable-icon\"><i class=\"premium-svg-nodraw icon icon-check\" aria-hidden=\"true\"><\/i><\/div>\t\t\t\t\t\t\t\t\t\t\t<\/div>\r\n\t\t\t\t\t\t\t\t\t\r\n\t\t\t\t\t\t\t\t\t<div class=\"premium-bullet-list-text-wrapper\">\r\n\t\t\t\t\t\t\t\t\t\t<span class=\"premium-bullet-text\" data-text=\"&lt;b&gt;Total de Horas: &lt;\/b&gt;72 horas\"> <b>Total de Horas: <\/b>72 horas <\/span>\t\t\t\t\t\t\t\t\t\t\t\t\t\t\t\t\t\t\t<\/div>\r\n\t\t\t\t\t\t\t\t<\/div>\r\n\r\n\t\t\t\t\t\t\t\t\r\n\t\t\t\t\t\t\t\t\r\n\t\t\t\t\t\t\t<\/li>\r\n\r\n\t\t\t\t\t\t\t\t\t\t<\/ul>\r\n\t\t\t\t\t\t<\/div>\n\t\t\t\t<\/div>\n\t\t\t\t<\/div>\n\t\t\t\t<div class=\"elementor-element elementor-element-3acbbd9 elementor-widget__width-initial elementor-widget-tablet__width-inherit elementor-widget elementor-widget-image\" data-id=\"3acbbd9\" data-element_type=\"widget\" data-e-type=\"widget\" data-widget_type=\"image.default\">\n\t\t\t\t<div class=\"elementor-widget-container\">\n\t\t\t\t\t\t\t\t\t\t\t\t\t\t\t<img fetchpriority=\"high\" decoding=\"async\" width=\"696\" height=\"684\" src=\"https:\/\/www.seplan.sc.gov.br\/eproc\/wp-content\/uploads\/2025\/09\/cgpd-img-02.fw_-1024x1007.png\" class=\"attachment-large size-large wp-image-1108\" alt=\"\" srcset=\"https:\/\/www.seplan.sc.gov.br\/eproc\/wp-content\/uploads\/2025\/09\/cgpd-img-02.fw_-1024x1007.png 1024w, https:\/\/www.seplan.sc.gov.br\/eproc\/wp-content\/uploads\/2025\/09\/cgpd-img-02.fw_-300x295.png 300w, https:\/\/www.seplan.sc.gov.br\/eproc\/wp-content\/uploads\/2025\/09\/cgpd-img-02.fw_-768x755.png 768w, https:\/\/www.seplan.sc.gov.br\/eproc\/wp-content\/uploads\/2025\/09\/cgpd-img-02.fw_.png 1266w\" sizes=\"(max-width: 696px) 100vw, 696px\" \/>\t\t\t\t\t\t\t\t\t\t\t\t\t\t\t<\/div>\n\t\t\t\t<\/div>\n\t\t\t\t<div class=\"elementor-element elementor-element-7b2674a elementor-widget__width-initial elementor-widget-tablet__width-inherit elementor-widget elementor-widget-image\" data-id=\"7b2674a\" data-element_type=\"widget\" data-e-type=\"widget\" data-widget_type=\"image.default\">\n\t\t\t\t<div class=\"elementor-widget-container\">\n\t\t\t\t\t\t\t\t\t\t\t\t\t\t\t<img fetchpriority=\"high\" decoding=\"async\" width=\"696\" height=\"684\" src=\"https:\/\/www.seplan.sc.gov.br\/eproc\/wp-content\/uploads\/2025\/09\/cgpd-img-02.fw_-1024x1007.png\" class=\"attachment-large size-large wp-image-1108\" alt=\"\" srcset=\"https:\/\/www.seplan.sc.gov.br\/eproc\/wp-content\/uploads\/2025\/09\/cgpd-img-02.fw_-1024x1007.png 1024w, https:\/\/www.seplan.sc.gov.br\/eproc\/wp-content\/uploads\/2025\/09\/cgpd-img-02.fw_-300x295.png 300w, https:\/\/www.seplan.sc.gov.br\/eproc\/wp-content\/uploads\/2025\/09\/cgpd-img-02.fw_-768x755.png 768w, https:\/\/www.seplan.sc.gov.br\/eproc\/wp-content\/uploads\/2025\/09\/cgpd-img-02.fw_.png 1266w\" sizes=\"(max-width: 696px) 100vw, 696px\" \/>\t\t\t\t\t\t\t\t\t\t\t\t\t\t\t<\/div>\n\t\t\t\t<\/div>\n\t\t<div class=\"elementor-element elementor-element-033e16e e-con-full e-flex e-con e-child\" data-id=\"033e16e\" data-element_type=\"container\" data-e-type=\"container\">\n\t\t\t\t<div class=\"elementor-element elementor-element-7b55f72 elementor-widget elementor-widget-heading\" data-id=\"7b55f72\" data-element_type=\"widget\" data-e-type=\"widget\" data-widget_type=\"heading.default\">\n\t\t\t\t<div class=\"elementor-widget-container\">\n\t\t\t\t\t<h2 class=\"elementor-heading-title elementor-size-default\">Curso Eproc de Introdu\u00e7\u00e3o \u00e0 Gest\u00e3o de Processos de Neg\u00f3cio <\/h2>\t\t\t\t<\/div>\n\t\t\t\t<\/div>\n\t\t\t\t<div class=\"elementor-element elementor-element-17d4bc5 premium-type-column elementor-widget elementor-widget-premium-icon-list\" data-id=\"17d4bc5\" data-element_type=\"widget\" data-e-type=\"widget\" data-settings=\"{&quot;rbadges_repeater&quot;:[]}\" data-widget_type=\"premium-icon-list.default\">\n\t\t\t\t<div class=\"elementor-widget-container\">\n\t\t\t\t\t\t\t\t<ul class=\"premium-bullet-list-box\">\r\n\t\t\t\t\r\n\t\t\t\t\t\t\t<li class=\"premium-bullet-list-content elementor-repeater-item-f563f59\">\r\n\t\t\t\t\t\t\t\t<div class=\"premium-bullet-list-text\">\r\n\t\t\t\t\t\t\t\t\t\t\t\t\t\t\t\t\t\t\t<div class=\"premium-bullet-list-wrapper\">\r\n\t\t\t\t\t\t\t\t\t\t\t<div class=\"premium-drawable-icon\"><i class=\"premium-svg-nodraw icon icon-check\" aria-hidden=\"true\"><\/i><\/div>\t\t\t\t\t\t\t\t\t\t\t<\/div>\r\n\t\t\t\t\t\t\t\t\t\r\n\t\t\t\t\t\t\t\t\t<div class=\"premium-bullet-list-text-wrapper\">\r\n\t\t\t\t\t\t\t\t\t\t<span class=\"premium-bullet-text\" data-text=\"&lt;b&gt;Ementa: &lt;\/b&gt;Apresenta\u00e7\u00f5es Iniciais, Introdu\u00e7\u00e3o ao Gerenciamento de Processos de Neg\u00f3cios - BPM, Cadeia de Valor e Arquitetura de Processos, Modelo de Governan\u00e7a por Processos do Governo de Santa Catarina, Nota\u00e7\u00e3o BPMN 2.0, Inova\u00e7\u00e3o, Encerramento\"> <b>Ementa: <\/b>Apresenta\u00e7\u00f5es Iniciais, Introdu\u00e7\u00e3o ao Gerenciamento de Processos de Neg\u00f3cios - BPM, Cadeia de Valor e Arquitetura de Processos, Modelo de Governan\u00e7a por Processos do Governo de Santa Catarina, Nota\u00e7\u00e3o BPMN 2.0, Inova\u00e7\u00e3o, Encerramento <\/span>\t\t\t\t\t\t\t\t\t\t\t\t\t\t\t\t\t\t\t<\/div>\r\n\t\t\t\t\t\t\t\t<\/div>\r\n\r\n\t\t\t\t\t\t\t\t\r\n\t\t\t\t\t\t\t\t\r\n\t\t\t\t\t\t\t<\/li>\r\n\r\n\t\t\t\t\t\t\t\r\n\t\t\t\t\t\t\t<li class=\"premium-bullet-list-content elementor-repeater-item-72c8592\">\r\n\t\t\t\t\t\t\t\t<div class=\"premium-bullet-list-text\">\r\n\t\t\t\t\t\t\t\t\t\t\t\t\t\t\t\t\t\t\t<div class=\"premium-bullet-list-wrapper\">\r\n\t\t\t\t\t\t\t\t\t\t\t<div class=\"premium-drawable-icon\"><i class=\"premium-svg-nodraw icon icon-check\" aria-hidden=\"true\"><\/i><\/div>\t\t\t\t\t\t\t\t\t\t\t<\/div>\r\n\t\t\t\t\t\t\t\t\t\r\n\t\t\t\t\t\t\t\t\t<div class=\"premium-bullet-list-text-wrapper\">\r\n\t\t\t\t\t\t\t\t\t\t<span class=\"premium-bullet-text\" data-text=\"&lt;b&gt;Total de Horas: &lt;\/b&gt;24 horas\"> <b>Total de Horas: <\/b>24 horas <\/span>\t\t\t\t\t\t\t\t\t\t\t\t\t\t\t\t\t\t\t<\/div>\r\n\t\t\t\t\t\t\t\t<\/div>\r\n\r\n\t\t\t\t\t\t\t\t\r\n\t\t\t\t\t\t\t\t\r\n\t\t\t\t\t\t\t<\/li>\r\n\r\n\t\t\t\t\t\t\t\t\t\t<\/ul>\r\n\t\t\t\t\t\t<\/div>\n\t\t\t\t<\/div>\n\t\t\t\t<\/div>\n\t\t<div class=\"elementor-element elementor-element-233226e e-con-full e-flex e-con e-child\" data-id=\"233226e\" data-element_type=\"container\" data-e-type=\"container\">\n\t\t\t\t<div class=\"elementor-element elementor-element-8393e06 elementor-widget elementor-widget-heading\" data-id=\"8393e06\" data-element_type=\"widget\" data-e-type=\"widget\" data-widget_type=\"heading.default\">\n\t\t\t\t<div class=\"elementor-widget-container\">\n\t\t\t\t\t<h2 class=\"elementor-heading-title elementor-size-default\">Workshop de Ciclo de Melhoria e Transforma\u00e7\u00e3o de Processos<\/h2>\t\t\t\t<\/div>\n\t\t\t\t<\/div>\n\t\t\t\t<div class=\"elementor-element elementor-element-3f893ab premium-type-column elementor-widget elementor-widget-premium-icon-list\" data-id=\"3f893ab\" data-element_type=\"widget\" data-e-type=\"widget\" data-settings=\"{&quot;rbadges_repeater&quot;:[]}\" data-widget_type=\"premium-icon-list.default\">\n\t\t\t\t<div class=\"elementor-widget-container\">\n\t\t\t\t\t\t\t\t<ul class=\"premium-bullet-list-box\">\r\n\t\t\t\t\r\n\t\t\t\t\t\t\t<li class=\"premium-bullet-list-content elementor-repeater-item-f563f59\">\r\n\t\t\t\t\t\t\t\t<div class=\"premium-bullet-list-text\">\r\n\t\t\t\t\t\t\t\t\t\t\t\t\t\t\t\t\t\t\t<div class=\"premium-bullet-list-wrapper\">\r\n\t\t\t\t\t\t\t\t\t\t\t<div class=\"premium-drawable-icon\"><i class=\"premium-svg-nodraw icon icon-check\" aria-hidden=\"true\"><\/i><\/div>\t\t\t\t\t\t\t\t\t\t\t<\/div>\r\n\t\t\t\t\t\t\t\t\t\r\n\t\t\t\t\t\t\t\t\t<div class=\"premium-bullet-list-text-wrapper\">\r\n\t\t\t\t\t\t\t\t\t\t<span class=\"premium-bullet-text\" data-text=\"&lt;b&gt;Ementa: &lt;\/b&gt;Modelo de Governan\u00e7a por Processos, Nota\u00e7\u00e3o BPMN 2.0, Pr\u00e1tica de Simula\u00e7\u00e3o de Melhoria de Processo, Atividades online de ferramentas e artefatos Eproc\"> <b>Ementa: <\/b>Modelo de Governan\u00e7a por Processos, Nota\u00e7\u00e3o BPMN 2.0, Pr\u00e1tica de Simula\u00e7\u00e3o de Melhoria de Processo, Atividades online de ferramentas e artefatos Eproc <\/span>\t\t\t\t\t\t\t\t\t\t\t\t\t\t\t\t\t\t\t<\/div>\r\n\t\t\t\t\t\t\t\t<\/div>\r\n\r\n\t\t\t\t\t\t\t\t\r\n\t\t\t\t\t\t\t\t\r\n\t\t\t\t\t\t\t<\/li>\r\n\r\n\t\t\t\t\t\t\t\r\n\t\t\t\t\t\t\t<li class=\"premium-bullet-list-content elementor-repeater-item-72c8592\">\r\n\t\t\t\t\t\t\t\t<div class=\"premium-bullet-list-text\">\r\n\t\t\t\t\t\t\t\t\t\t\t\t\t\t\t\t\t\t\t<div class=\"premium-bullet-list-wrapper\">\r\n\t\t\t\t\t\t\t\t\t\t\t<div class=\"premium-drawable-icon\"><i class=\"premium-svg-nodraw icon icon-check\" aria-hidden=\"true\"><\/i><\/div>\t\t\t\t\t\t\t\t\t\t\t<\/div>\r\n\t\t\t\t\t\t\t\t\t\r\n\t\t\t\t\t\t\t\t\t<div class=\"premium-bullet-list-text-wrapper\">\r\n\t\t\t\t\t\t\t\t\t\t<span class=\"premium-bullet-text\" data-text=\"&lt;b&gt;Total de Horas: &lt;\/b&gt;16 horas (Semi presencial)\"> <b>Total de Horas: <\/b>16 horas (Semi presencial) <\/span>\t\t\t\t\t\t\t\t\t\t\t\t\t\t\t\t\t\t\t<\/div>\r\n\t\t\t\t\t\t\t\t<\/div>\r\n\r\n\t\t\t\t\t\t\t\t\r\n\t\t\t\t\t\t\t\t\r\n\t\t\t\t\t\t\t<\/li>\r\n\r\n\t\t\t\t\t\t\t\t\t\t<\/ul>\r\n\t\t\t\t\t\t<\/div>\n\t\t\t\t<\/div>\n\t\t\t\t<\/div>\n\t\t\t\t<div class=\"elementor-element elementor-element-14f40d8 elementor-widget__width-initial elementor-widget-tablet__width-inherit elementor-widget elementor-widget-image\" data-id=\"14f40d8\" data-element_type=\"widget\" data-e-type=\"widget\" data-widget_type=\"image.default\">\n\t\t\t\t<div class=\"elementor-widget-container\">\n\t\t\t\t\t\t\t\t\t\t\t\t\t\t\t<img fetchpriority=\"high\" decoding=\"async\" width=\"696\" height=\"684\" src=\"https:\/\/www.seplan.sc.gov.br\/eproc\/wp-content\/uploads\/2025\/09\/cgpd-img-02.fw_-1024x1007.png\" class=\"attachment-large size-large wp-image-1108\" alt=\"\" srcset=\"https:\/\/www.seplan.sc.gov.br\/eproc\/wp-content\/uploads\/2025\/09\/cgpd-img-02.fw_-1024x1007.png 1024w, https:\/\/www.seplan.sc.gov.br\/eproc\/wp-content\/uploads\/2025\/09\/cgpd-img-02.fw_-300x295.png 300w, https:\/\/www.seplan.sc.gov.br\/eproc\/wp-content\/uploads\/2025\/09\/cgpd-img-02.fw_-768x755.png 768w, https:\/\/www.seplan.sc.gov.br\/eproc\/wp-content\/uploads\/2025\/09\/cgpd-img-02.fw_.png 1266w\" sizes=\"(max-width: 696px) 100vw, 696px\" \/>\t\t\t\t\t\t\t\t\t\t\t\t\t\t\t<\/div>\n\t\t\t\t<\/div>\n\t\t\t\t\t<\/div>\n\t\t\t\t<\/div>\n\t\t\t\t<\/div>\n\t\t","protected":false},"excerpt":{"rendered":"<p>Voc\u00ea est\u00e1 em Capacita\u00e7\u00e3o In\u00edcio Cursos Capacita\u00e7\u00e3o A capacita\u00e7\u00e3o em gest\u00e3o p\u00fablica \u00e9 um processo fundamental para o fortalecimento das institui\u00e7\u00f5es e a melhoria da qualidade dos servi\u00e7os oferecidos \u00e0 sociedade. Ela envolve a forma\u00e7\u00e3o e o aperfei\u00e7oamento de servidores p\u00fablicos em temas como planejamento estrat\u00e9gico, gest\u00e3o de pessoas, finan\u00e7as p\u00fablicas, inova\u00e7\u00e3o, legisla\u00e7\u00e3o e pol\u00edticas [&hellip;]<\/p>\n","protected":false},"author":2,"featured_media":0,"parent":0,"menu_order":0,"comment_status":"closed","ping_status":"closed","template":"elementor_canvas","meta":{"footnotes":""},"class_list":["post-1517","page","type-page","status-publish","hentry"],"_links":{"self":[{"href":"https:\/\/www.seplan.sc.gov.br\/eproc\/wp-json\/wp\/v2\/pages\/1517","targetHints":{"allow":["GET"]}}],"collection":[{"href":"https:\/\/www.seplan.sc.gov.br\/eproc\/wp-json\/wp\/v2\/pages"}],"about":[{"href":"https:\/\/www.seplan.sc.gov.br\/eproc\/wp-json\/wp\/v2\/types\/page"}],"author":[{"embeddable":true,"href":"https:\/\/www.seplan.sc.gov.br\/eproc\/wp-json\/wp\/v2\/users\/2"}],"replies":[{"embeddable":true,"href":"https:\/\/www.seplan.sc.gov.br\/eproc\/wp-json\/wp\/v2\/comments?post=1517"}],"version-history":[{"count":7,"href":"https:\/\/www.seplan.sc.gov.br\/eproc\/wp-json\/wp\/v2\/pages\/1517\/revisions"}],"predecessor-version":[{"id":1715,"href":"https:\/\/www.seplan.sc.gov.br\/eproc\/wp-json\/wp\/v2\/pages\/1517\/revisions\/1715"}],"wp:attachment":[{"href":"https:\/\/www.seplan.sc.gov.br\/eproc\/wp-json\/wp\/v2\/media?parent=1517"}],"curies":[{"name":"wp","href":"https:\/\/api.w.org\/{rel}","templated":true}]}}